{"id":1767,"date":"2019-12-27T11:51:15","date_gmt":"2019-12-27T08:51:15","guid":{"rendered":"https:\/\/www.gamzebilgisayar.com\/store\/?post_type=product&#038;p=1767"},"modified":"2024-10-23T20:12:43","modified_gmt":"2024-10-23T17:12:43","slug":"zebra-zxp3-temizleme-kiti-temizlik-karti-cleaning-kit-1k-1u","status":"publish","type":"product","link":"https:\/\/www.gamzebilgisayar.com\/store\/urun\/zebra-zxp3-temizleme-kiti-temizlik-karti-cleaning-kit-1k-1u\/","title":{"rendered":"Zebra ZXP3 Temizleme Kiti Temizlik Kart\u0131 Cleaning Kit ( 1k 1u )"},"content":{"rendered":"<div><span style=\"color: #484848; font-family: Helvetica, sans-serif;\">ZEBRA ZXP3 Kart Bask\u0131 Makinesi \u0130\u00e7in\u00a0<\/span><\/div>\n<div><span style=\"color: #484848; font-family: Helvetica, sans-serif;\">\u00a0<\/span><\/div>\n<div><span style=\"color: #484848; font-family: Helvetica, sans-serif;\">Kit i\u00e7eri\u011fi;<\/span><\/div>\n<div><span style=\"color: #484848; font-family: Helvetica, sans-serif;\">1 adet Printer Cleaning Card 2012977-001 yaz\u0131c\u0131 taraf\u0131 uzun temizlik kart\u0131<\/span><\/div>\n<div><span style=\"color: #484848; font-family: Helvetica, sans-serif;\">1 adet Feeder Cleaning Card 212978-002 kart haznesi taraf\u0131 k\u0131sa temizlik kart\u0131<\/span><\/div>\n<div><span style=\"color: #484848; font-family: Helvetica, sans-serif;\">\u00a0<\/span><\/div>\n<div><span style=\"color: #484848; font-family: Helvetica, sans-serif;\">\u00dcr\u00fcn orijinald\u0131r . Piyasadaki muadil \u00fcr\u00fcnlerle kar\u0131\u015ft\u0131rmay\u0131n\u0131z.\u00a0<\/span><\/div>\n<div><span style=\"color: #484848; font-family: Helvetica, sans-serif;\">\u00a0<\/span><\/div>\n<div><span style=\"color: #484848; font-family: Helvetica, sans-serif;\">Belirtmi\u015f oldu\u011funuz bilgilere fatura kesilerek \u00fcr\u00fcnle birlikte g\u00f6nderilir.\u00a0<\/span><\/div>\n<div><span style=\"color: #484848; font-family: Helvetica, sans-serif;\">\u00a0<\/span><\/div>\n<div><span style=\"color: #484848; font-family: Helvetica, sans-serif;\">\u00dcr\u00fcn stoklar\u0131m\u0131zda mevcuttur. Pazartesi &#8211; Cuma saat 13:00 e kadar verilen sipari\u015fler ayn\u0131 g\u00fcn kargoya verilir.\u00a0<\/span><\/div>\n","protected":false},"excerpt":{"rendered":"<p>ZEBRA ZXP3 Kart Bask\u0131 Makinesi \u0130\u00e7in\u00a0 \u00a0 Kit i\u00e7eri\u011fi; 1 adet Printer Cleaning Card 2012977-001 yaz\u0131c\u0131 taraf\u0131 uzun temizlik kart\u0131 1 adet Feeder Cleaning Card 212978-002 kart haznesi taraf\u0131 k\u0131sa temizlik kart\u0131 \u00a0 \u00dcr\u00fcn orijinald\u0131r . Piyasadaki muadil \u00fcr\u00fcnlerle kar\u0131\u015ft\u0131rmay\u0131n\u0131z.\u00a0 \u00a0 Belirtmi\u015f oldu\u011funuz bilgilere fatura kesilerek \u00fcr\u00fcnle birlikte g\u00f6nderilir.\u00a0 \u00a0 \u00dcr\u00fcn stoklar\u0131m\u0131zda mevcuttur. Pazartesi &#8211; [&hellip;]<\/p>\n","protected":false},"featured_media":1768,"comment_status":"open","ping_status":"closed","template":"","meta":{"site-sidebar-layout":"default","site-content-layout":"default","ast-site-content-layout":"","site-content-style":"default","site-sidebar-style":"default","ast-global-header-display":"","ast-banner-title-visibility":"","ast-main-header-display":"","ast-hfb-above-header-display":"","ast-hfb-below-header-display":"","ast-hfb-mobile-header-display":"","site-post-title":"","ast-breadcrumbs-content":"","ast-featured-img":"","footer-sml-layout":"","theme-transparent-header-meta":"default","adv-header-id-meta":"","stick-header-meta":"","header-above-stick-meta":"","header-main-stick-meta":"","header-below-stick-meta":"","astra-migrate-meta-layouts":"default","ast-page-background-enabled":"default","ast-page-background-meta":{"desktop":{"background-color":"","background-image":"","background-repeat":"repeat","background-position":"center center","background-size":"auto","background-attachment":"scroll","background-type":"","background-media":"","overlay-type":"","overlay-color":"","overlay-opacity":"","overlay-gradient":""},"tablet":{"background-color":"","background-image":"","background-repeat":"repeat","background-position":"center center","background-size":"auto","background-attachment":"scroll","background-type":"","background-media":"","overlay-type":"","overlay-color":"","overlay-opacity":"","overlay-gradient":""},"mobile":{"background-color":"","background-image":"","background-repeat":"repeat","background-position":"center center","background-size":"auto","background-attachment":"scroll","background-type":"","background-media":"","overlay-type":"","overlay-color":"","overlay-opacity":"","overlay-gradient":""}},"ast-content-background-meta":{"desktop":{"background-color":"var(--ast-global-color-5)","background-image":"","background-repeat":"repeat","background-position":"center center","background-size":"auto","background-attachment":"scroll","background-type":"","background-media":"","overlay-type":"","overlay-color":"","overlay-opacity":"","overlay-gradient":""},"tablet":{"background-color":"var(--ast-global-color-5)","background-image":"","background-repeat":"repeat","background-position":"center center","background-size":"auto","background-attachment":"scroll","background-type":"","background-media":"","overlay-type":"","overlay-color":"","overlay-opacity":"","overlay-gradient":""},"mobile":{"background-color":"var(--ast-global-color-5)","background-image":"","background-repeat":"repeat","background-position":"center center","background-size":"auto","background-attachment":"scroll","background-type":"","background-media":"","overlay-type":"","overlay-color":"","overlay-opacity":"","overlay-gradient":""}}},"product_brand":[],"product_cat":[72],"product_tag":[],"class_list":{"0":"post-1767","1":"product","2":"type-product","3":"status-publish","4":"has-post-thumbnail","6":"product_cat-kart-baski-urunleri","7":"desktop-align-left","8":"tablet-align-left","9":"mobile-align-left","11":"first","12":"outofstock","13":"sale","14":"shipping-taxable","15":"purchasable","16":"product-type-simple"},"jetpack_sharing_enabled":true,"_links":{"self":[{"href":"https:\/\/www.gamzebilgisayar.com\/store\/wp-json\/wp\/v2\/product\/1767","targetHints":{"allow":["GET"]}}],"collection":[{"href":"https:\/\/www.gamzebilgisayar.com\/store\/wp-json\/wp\/v2\/product"}],"about":[{"href":"https:\/\/www.gamzebilgisayar.com\/store\/wp-json\/wp\/v2\/types\/product"}],"replies":[{"embeddable":true,"href":"https:\/\/www.gamzebilgisayar.com\/store\/wp-json\/wp\/v2\/comments?post=1767"}],"wp:featuredmedia":[{"embeddable":true,"href":"https:\/\/www.gamzebilgisayar.com\/store\/wp-json\/wp\/v2\/media\/1768"}],"wp:attachment":[{"href":"https:\/\/www.gamzebilgisayar.com\/store\/wp-json\/wp\/v2\/media?parent=1767"}],"wp:term":[{"taxonomy":"product_brand","embeddable":true,"href":"https:\/\/www.gamzebilgisayar.com\/store\/wp-json\/wp\/v2\/product_brand?post=1767"},{"taxonomy":"product_cat","embeddable":true,"href":"https:\/\/www.gamzebilgisayar.com\/store\/wp-json\/wp\/v2\/product_cat?post=1767"},{"taxonomy":"product_tag","embeddable":true,"href":"https:\/\/www.gamzebilgisayar.com\/store\/wp-json\/wp\/v2\/product_tag?post=1767"}],"curies":[{"name":"wp","href":"https:\/\/api.w.org\/{rel}","templated":true}]}}