{"id":1762,"date":"2019-12-27T11:44:05","date_gmt":"2019-12-27T08:44:05","guid":{"rendered":"https:\/\/www.gamzebilgisayar.com\/store\/?post_type=product&#038;p=1762"},"modified":"2024-10-23T20:12:08","modified_gmt":"2024-10-23T17:12:08","slug":"msi-vga-radeon-rx-570-armor-8g-oc-8gb-256-bit-gddr5","status":"publish","type":"product","link":"https:\/\/www.gamzebilgisayar.com\/store\/urun\/msi-vga-radeon-rx-570-armor-8g-oc-8gb-256-bit-gddr5\/","title":{"rendered":"MSI VGA Radeon RX 570 ARMOR 8G OC 8GB 256 bit GDDR5"},"content":{"rendered":"<div><span style=\"font-family: Arial, Verdana;\">MSI VGA Radeon RX 570 ARMOR 8G OC 8GB 256 bit GDDR5 DX(12) PCI-E 3.0 Ekran Kart\u0131<\/span><\/div>\n<div><span style=\"font-family: Arial, Verdana;\">\u00a0<\/span><\/div>\n<div>\n<div>S\u0131f\u0131r \u00fcr\u00fcn.<br \/>\nKapal\u0131 Kutu.<br \/>\n\u0130thalat\u00e7\u0131 garantili.<br \/>\nAd\u0131n\u0131za Fatural\u0131.<br \/>\nStoktan H\u0131zl\u0131 G\u00f6nderim.<\/div>\n<div><\/div>\n<div>Belirtmi\u015f oldu\u011funuz bilgilere fatura kesilerek \u00fcr\u00fcnle birlikte g\u00f6nderilir. 2 sene ithalat\u00e7\u0131 garantisi fatura tarihinde ba\u015flar.<\/div>\n<div><\/div>\n<div>Pazartesi &#8211; Cuma saat 13:00 e kadar verilen sipari\u015fler ayn\u0131 g\u00fcn kargoya verilir.<\/div>\n<div><\/div>\n<\/div>\n<table>\n<tbody>\n<tr>\n<td>\n<table>\n<tbody>\n<tr>\n<td>\n<div>\n<table>\n<tbody>\n<tr>\n<th>3D Deste\u011fi<\/th>\n<td>Yok<\/td>\n<\/tr>\n<tr>\n<th>Ba\u011flant\u0131<\/th>\n<td>Display, DVI-D, HDMI<\/td>\n<\/tr>\n<tr>\n<th>Bellek H\u0131z\u0131<\/th>\n<td>7000 MHz<\/td>\n<\/tr>\n<tr>\n<th>Bellek Tipi<\/th>\n<td>GDDR5<\/td>\n<\/tr>\n<tr>\n<th>Bit De\u011feri<\/th>\n<td>256 Bit<\/td>\n<\/tr>\n<tr>\n<th>Chip Seti<\/th>\n<td>AMD<\/td>\n<\/tr>\n<tr>\n<th>\u00c7ekirdek H\u0131z\u0131 Boost<\/th>\n<td>7000 MHz<\/td>\n<\/tr>\n<tr>\n<th>\u00c7ekirdek H\u0131z\u0131<\/th>\n<td>1268 MHz<\/td>\n<\/tr>\n<tr>\n<th>DirectX Deste\u011fi<\/th>\n<td>12<\/td>\n<\/tr>\n<tr>\n<th>Display \u00c7\u0131k\u0131\u015f\u0131<\/th>\n<td>3 Adet<\/td>\n<\/tr>\n<tr>\n<th>DVI \u00c7\u0131k\u0131\u015f\u0131<\/th>\n<td>1 Adet<\/td>\n<\/tr>\n<tr>\n<th>DVI-D<\/th>\n<td>1 Adet<\/td>\n<\/tr>\n<tr>\n<th>DVI-I<\/th>\n<td>Yok<\/td>\n<\/tr>\n<tr>\n<th>Geli\u015ftirilmi\u015f Teknolojiler<\/th>\n<td>Crossfire, OpenGL<\/td>\n<\/tr>\n<tr>\n<th>Grafik Bellek<\/th>\n<td>8 GB<\/td>\n<\/tr>\n<tr>\n<th>Grafik \u0130\u015flemcisi<\/th>\n<td>AMD Radeon RX 570<\/td>\n<\/tr>\n<tr>\n<th>G\u00fc\u00e7 T\u00fcketimi<\/th>\n<td>120 W<\/td>\n<\/tr>\n<tr>\n<th>HDMI \u00c7\u0131k\u0131\u015f\u0131<\/th>\n<td>1 Adet<\/td>\n<\/tr>\n<tr>\n<th>Mini Display \u00c7\u0131k\u0131\u015f\u0131<\/th>\n<td>Yok<\/td>\n<\/tr>\n<tr>\n<th>Minimum G\u00fc\u00e7 Kayna\u011f\u0131 (PSU)<\/th>\n<td>450 W<\/td>\n<\/tr>\n<tr>\n<th>Overclock (H\u0131z A\u015f\u0131rtma)<\/th>\n<td>Var<\/td>\n<\/tr>\n<tr>\n<th>Slot Tipi<\/th>\n<td>PCI-Express x16<\/td>\n<\/tr>\n<tr>\n<th>So\u011futma<\/th>\n<td>Fanl\u0131 So\u011futma<\/td>\n<\/tr>\n<\/tbody>\n<\/table>\n<p>Di\u011fer<\/p>\n<table>\n<tbody>\n<tr>\n<th>Garanti S\u00fcresi (Ay)<\/th>\n<td>36<\/td>\n<\/tr>\n<tr>\n<th>Yurt D\u0131\u015f\u0131 Sat\u0131\u015f<\/th>\n<td>Var<\/td>\n<\/tr>\n<tr>\n<th>Stok Kodu<\/th>\n<td>HBV00000ARJT8<\/td>\n<\/tr>\n<\/tbody>\n<\/table>\n<\/div>\n<\/td>\n<\/tr>\n<\/tbody>\n<\/table>\n<\/td>\n<\/tr>\n<\/tbody>\n<\/table>\n<p>&nbsp;<\/p>\n","protected":false},"excerpt":{"rendered":"<p>MSI VGA Radeon RX 570 ARMOR 8G OC 8GB 256 bit GDDR5 DX(12) PCI-E 3.0 Ekran Kart\u0131 \u00a0 S\u0131f\u0131r \u00fcr\u00fcn. Kapal\u0131 Kutu. \u0130thalat\u00e7\u0131 garantili. Ad\u0131n\u0131za Fatural\u0131. Stoktan H\u0131zl\u0131 G\u00f6nderim. Belirtmi\u015f oldu\u011funuz bilgilere fatura kesilerek \u00fcr\u00fcnle birlikte g\u00f6nderilir. 2 sene ithalat\u00e7\u0131 garantisi fatura tarihinde ba\u015flar. Pazartesi &#8211; Cuma saat 13:00 e kadar verilen sipari\u015fler ayn\u0131 g\u00fcn [&hellip;]<\/p>\n","protected":false},"featured_media":1763,"comment_status":"open","ping_status":"closed","template":"","meta":{"site-sidebar-layout":"default","site-content-layout":"default","ast-site-content-layout":"","site-content-style":"default","site-sidebar-style":"default","ast-global-header-display":"","ast-banner-title-visibility":"","ast-main-header-display":"","ast-hfb-above-header-display":"","ast-hfb-below-header-display":"","ast-hfb-mobile-header-display":"","site-post-title":"","ast-breadcrumbs-content":"","ast-featured-img":"","footer-sml-layout":"","theme-transparent-header-meta":"default","adv-header-id-meta":"","stick-header-meta":"","header-above-stick-meta":"","header-main-stick-meta":"","header-below-stick-meta":"","astra-migrate-meta-layouts":"default","ast-page-background-enabled":"default","ast-page-background-meta":{"desktop":{"background-color":"","background-image":"","background-repeat":"repeat","background-position":"center center","background-size":"auto","background-attachment":"scroll","background-type":"","background-media":"","overlay-type":"","overlay-color":"","overlay-opacity":"","overlay-gradient":""},"tablet":{"background-color":"","background-image":"","background-repeat":"repeat","background-position":"center center","background-size":"auto","background-attachment":"scroll","background-type":"","background-media":"","overlay-type":"","overlay-color":"","overlay-opacity":"","overlay-gradient":""},"mobile":{"background-color":"","background-image":"","background-repeat":"repeat","background-position":"center center","background-size":"auto","background-attachment":"scroll","background-type":"","background-media":"","overlay-type":"","overlay-color":"","overlay-opacity":"","overlay-gradient":""}},"ast-content-background-meta":{"desktop":{"background-color":"var(--ast-global-color-5)","background-image":"","background-repeat":"repeat","background-position":"center center","background-size":"auto","background-attachment":"scroll","background-type":"","background-media":"","overlay-type":"","overlay-color":"","overlay-opacity":"","overlay-gradient":""},"tablet":{"background-color":"var(--ast-global-color-5)","background-image":"","background-repeat":"repeat","background-position":"center center","background-size":"auto","background-attachment":"scroll","background-type":"","background-media":"","overlay-type":"","overlay-color":"","overlay-opacity":"","overlay-gradient":""},"mobile":{"background-color":"var(--ast-global-color-5)","background-image":"","background-repeat":"repeat","background-position":"center center","background-size":"auto","background-attachment":"scroll","background-type":"","background-media":"","overlay-type":"","overlay-color":"","overlay-opacity":"","overlay-gradient":""}}},"product_brand":[],"product_cat":[73],"product_tag":[],"class_list":{"0":"post-1762","1":"product","2":"type-product","3":"status-publish","4":"has-post-thumbnail","6":"product_cat-outlet-urunler","7":"desktop-align-left","8":"tablet-align-left","9":"mobile-align-left","11":"first","12":"outofstock","13":"sale","14":"shipping-taxable","15":"purchasable","16":"product-type-simple"},"jetpack_sharing_enabled":true,"_links":{"self":[{"href":"https:\/\/www.gamzebilgisayar.com\/store\/wp-json\/wp\/v2\/product\/1762","targetHints":{"allow":["GET"]}}],"collection":[{"href":"https:\/\/www.gamzebilgisayar.com\/store\/wp-json\/wp\/v2\/product"}],"about":[{"href":"https:\/\/www.gamzebilgisayar.com\/store\/wp-json\/wp\/v2\/types\/product"}],"replies":[{"embeddable":true,"href":"https:\/\/www.gamzebilgisayar.com\/store\/wp-json\/wp\/v2\/comments?post=1762"}],"wp:featuredmedia":[{"embeddable":true,"href":"https:\/\/www.gamzebilgisayar.com\/store\/wp-json\/wp\/v2\/media\/1763"}],"wp:attachment":[{"href":"https:\/\/www.gamzebilgisayar.com\/store\/wp-json\/wp\/v2\/media?parent=1762"}],"wp:term":[{"taxonomy":"product_brand","embeddable":true,"href":"https:\/\/www.gamzebilgisayar.com\/store\/wp-json\/wp\/v2\/product_brand?post=1762"},{"taxonomy":"product_cat","embeddable":true,"href":"https:\/\/www.gamzebilgisayar.com\/store\/wp-json\/wp\/v2\/product_cat?post=1762"},{"taxonomy":"product_tag","embeddable":true,"href":"https:\/\/www.gamzebilgisayar.com\/store\/wp-json\/wp\/v2\/product_tag?post=1762"}],"curies":[{"name":"wp","href":"https:\/\/api.w.org\/{rel}","templated":true}]}}