{"id":1739,"date":"2019-12-26T17:03:32","date_gmt":"2019-12-26T14:03:32","guid":{"rendered":"https:\/\/www.gamzebilgisayar.com\/store\/?post_type=product&#038;p=1739"},"modified":"2024-10-23T20:11:34","modified_gmt":"2024-10-23T17:11:34","slug":"zebra-zxp7-ymcko-750-baski-renkli-ribbon-800077-742em","status":"publish","type":"product","link":"https:\/\/www.gamzebilgisayar.com\/store\/urun\/zebra-zxp7-ymcko-750-baski-renkli-ribbon-800077-742em\/","title":{"rendered":"Zebra ZXP7 YMCKO 750 Bask\u0131 Renkli Ribbon 800077-742EM"},"content":{"rendered":"<p>Zebra ZXP7 Kart Bask\u0131 Makinesi \u0130\u00e7in<\/p>\n<p>Renkli YMCKO 5 Panel<\/p>\n<p>Tek Y\u00f6ne 750 Bask\u0131 Kapasiteli<\/p>\n<p>\u00dcr\u00fcn Kodu: 800077-742EM<\/p>\n","protected":false},"excerpt":{"rendered":"<p>Zebra ZXP7 Kart Bask\u0131 Makinesi \u0130\u00e7in Renkli YMCKO 5 Panel Tek Y\u00f6ne 750 Bask\u0131 Kapasiteli \u00dcr\u00fcn Kodu: 800077-742EM<\/p>\n","protected":false},"featured_media":1740,"comment_status":"open","ping_status":"closed","template":"","meta":{"site-sidebar-layout":"default","site-content-layout":"default","ast-site-content-layout":"","site-content-style":"default","site-sidebar-style":"default","ast-global-header-display":"","ast-banner-title-visibility":"","ast-main-header-display":"","ast-hfb-above-header-display":"","ast-hfb-below-header-display":"","ast-hfb-mobile-header-display":"","site-post-title":"","ast-breadcrumbs-content":"","ast-featured-img":"","footer-sml-layout":"","theme-transparent-header-meta":"default","adv-header-id-meta":"","stick-header-meta":"","header-above-stick-meta":"","header-main-stick-meta":"","header-below-stick-meta":"","astra-migrate-meta-layouts":"default","ast-page-background-enabled":"default","ast-page-background-meta":{"desktop":{"background-color":"","background-image":"","background-repeat":"repeat","background-position":"center center","background-size":"auto","background-attachment":"scroll","background-type":"","background-media":"","overlay-type":"","overlay-color":"","overlay-opacity":"","overlay-gradient":""},"tablet":{"background-color":"","background-image":"","background-repeat":"repeat","background-position":"center center","background-size":"auto","background-attachment":"scroll","background-type":"","background-media":"","overlay-type":"","overlay-color":"","overlay-opacity":"","overlay-gradient":""},"mobile":{"background-color":"","background-image":"","background-repeat":"repeat","background-position":"center center","background-size":"auto","background-attachment":"scroll","background-type":"","background-media":"","overlay-type":"","overlay-color":"","overlay-opacity":"","overlay-gradient":""}},"ast-content-background-meta":{"desktop":{"background-color":"var(--ast-global-color-5)","background-image":"","background-repeat":"repeat","background-position":"center center","background-size":"auto","background-attachment":"scroll","background-type":"","background-media":"","overlay-type":"","overlay-color":"","overlay-opacity":"","overlay-gradient":""},"tablet":{"background-color":"var(--ast-global-color-5)","background-image":"","background-repeat":"repeat","background-position":"center center","background-size":"auto","background-attachment":"scroll","background-type":"","background-media":"","overlay-type":"","overlay-color":"","overlay-opacity":"","overlay-gradient":""},"mobile":{"background-color":"var(--ast-global-color-5)","background-image":"","background-repeat":"repeat","background-position":"center center","background-size":"auto","background-attachment":"scroll","background-type":"","background-media":"","overlay-type":"","overlay-color":"","overlay-opacity":"","overlay-gradient":""}}},"product_brand":[],"product_cat":[72],"product_tag":[],"class_list":{"0":"post-1739","1":"product","2":"type-product","3":"status-publish","4":"has-post-thumbnail","6":"product_cat-kart-baski-urunleri","7":"desktop-align-left","8":"tablet-align-left","9":"mobile-align-left","11":"first","12":"outofstock","13":"sale","14":"shipping-taxable","15":"purchasable","16":"product-type-simple"},"jetpack_sharing_enabled":true,"_links":{"self":[{"href":"https:\/\/www.gamzebilgisayar.com\/store\/wp-json\/wp\/v2\/product\/1739","targetHints":{"allow":["GET"]}}],"collection":[{"href":"https:\/\/www.gamzebilgisayar.com\/store\/wp-json\/wp\/v2\/product"}],"about":[{"href":"https:\/\/www.gamzebilgisayar.com\/store\/wp-json\/wp\/v2\/types\/product"}],"replies":[{"embeddable":true,"href":"https:\/\/www.gamzebilgisayar.com\/store\/wp-json\/wp\/v2\/comments?post=1739"}],"wp:featuredmedia":[{"embeddable":true,"href":"https:\/\/www.gamzebilgisayar.com\/store\/wp-json\/wp\/v2\/media\/1740"}],"wp:attachment":[{"href":"https:\/\/www.gamzebilgisayar.com\/store\/wp-json\/wp\/v2\/media?parent=1739"}],"wp:term":[{"taxonomy":"product_brand","embeddable":true,"href":"https:\/\/www.gamzebilgisayar.com\/store\/wp-json\/wp\/v2\/product_brand?post=1739"},{"taxonomy":"product_cat","embeddable":true,"href":"https:\/\/www.gamzebilgisayar.com\/store\/wp-json\/wp\/v2\/product_cat?post=1739"},{"taxonomy":"product_tag","embeddable":true,"href":"https:\/\/www.gamzebilgisayar.com\/store\/wp-json\/wp\/v2\/product_tag?post=1739"}],"curies":[{"name":"wp","href":"https:\/\/api.w.org\/{rel}","templated":true}]}}