{"id":46,"date":"2019-10-25T13:34:13","date_gmt":"2019-10-25T13:34:13","guid":{"rendered":"https:\/\/www.gamzebilgisayar.com\/store\/?page_id=46"},"modified":"2022-02-09T21:35:41","modified_gmt":"2022-02-09T18:35:41","slug":"hakkimizda","status":"publish","type":"page","link":"https:\/\/www.gamzebilgisayar.com\/store\/hakkimizda\/","title":{"rendered":"Hakk\u0131m\u0131zda"},"content":{"rendered":"\n<p class=\"has-text-align-left\"><strong><em>Gamze Bilgisayar 2018 y\u0131l\u0131nda kurulmu\u015ftur. Otomasyon Sistemleri, Kurumsal Yaz\u0131l\u0131mlar, Masa\u00fcst\u00fc ve Web Uygulama \u00c7\u00f6z\u00fcmleri, Web Tasar\u0131m\u0131, e-Ticaret ba\u015fta olmak \u00fczere b\u00fct\u00fcn bili\u015fim konular\u0131nda hizmet vermektedir. Ayr\u0131ca ma\u011fazam\u0131zda; Bilgisayar, \u00c7evre Birimleri, Bask\u0131 \u00dcr\u00fcnleri, Sarf Malzemeleri gibi bir \u00e7ok \u00fcr\u00fcn\u00fcn de sat\u0131\u015f\u0131 ger\u00e7ekle\u015fmektedir.  <\/em><\/strong><\/p>\n\n\n\n<hr class=\"wp-block-separator is-style-wide\"\/>\n\n\n\n<p>Telefon Numaram\u0131z : 0 533 791 75 17 | 0 326 502 94 93<\/p>\n\n\n\n<p>e-Posta Adresimiz : posta@gamzebilgisayar.com<strong><em><span style=\"text-decoration: underline;\"><\/span><\/em><\/strong><\/p>\n\n\n\n<p>Resmi Unvan\u0131m\u0131z :  Gamze Bilgisayar Ezgi Bilgin<\/p>\n\n\n\n<p>Adresimiz : \u00c7ekmece Mah. \u00c7ekmece Cad. Defne HATAY<\/p>\n\n\n\n<p>Vergi Dairesi \/ Vergi No : 23 Temmuz VD.  173 046 61 09 <\/p>\n\n\n\n<hr class=\"wp-block-separator is-style-wide\"\/>\n\n\n\n<iframe loading=\"lazy\" src=\"https:\/\/www.google.com\/maps\/embed?pb=!1m18!1m12!1m3!1d3219.0104226838052!2d36.16349611556156!3d36.214941608123084!2m3!1f0!2f0!3f0!3m2!1i1024!2i768!4f13.1!3m3!1m2!1s0x1525c375d9883e31%3A0x325cebc8c5112ab8!2sGamze%20Bilgisayar!5e0!3m2!1str!2str!4v1577369387652!5m2!1str!2str\" width=\"100%\" height=\"500\" frameborder=\"0\" style=\"border:0;\" allowfullscreen=\"\"><\/iframe>\n","protected":false},"excerpt":{"rendered":"<p>Gamze Bilgisayar 2018 y\u0131l\u0131nda kurulmu\u015ftur. Otomasyon Sistemleri, Kurumsal Yaz\u0131l\u0131mlar, Masa\u00fcst\u00fc ve Web Uygulama \u00c7\u00f6z\u00fcmleri, Web Tasar\u0131m\u0131, e-Ticaret ba\u015fta olmak \u00fczere b\u00fct\u00fcn bili\u015fim konular\u0131nda hizmet vermektedir. Ayr\u0131ca ma\u011fazam\u0131zda; Bilgisayar, \u00c7evre Birimleri, Bask\u0131 \u00dcr\u00fcnleri, Sarf Malzemeleri gibi bir \u00e7ok \u00fcr\u00fcn\u00fcn de sat\u0131\u015f\u0131 ger\u00e7ekle\u015fmektedir. Telefon Numaram\u0131z : 0 533 791 75 17 | 0 326 502 94 93 [&hellip;]<\/p>\n","protected":false},"author":1,"featured_media":0,"parent":0,"menu_order":0,"comment_status":"closed","ping_status":"closed","template":"","meta":{"site-sidebar-layout":"default","site-content-layout":"default","ast-site-content-layout":"","site-content-style":"default","site-sidebar-style":"default","ast-global-header-display":"","ast-banner-title-visibility":"","ast-main-header-display":"","ast-hfb-above-header-display":"","ast-hfb-below-header-display":"","ast-hfb-mobile-header-display":"","site-post-title":"","ast-breadcrumbs-content":"","ast-featured-img":"","footer-sml-layout":"","theme-transparent-header-meta":"default","adv-header-id-meta":"","stick-header-meta":"","header-above-stick-meta":"","header-main-stick-meta":"","header-below-stick-meta":"","astra-migrate-meta-layouts":"default","ast-page-background-enabled":"default","ast-page-background-meta":{"desktop":{"background-color":"","background-image":"","background-repeat":"repeat","background-position":"center center","background-size":"auto","background-attachment":"scroll","background-type":"","background-media":"","overlay-type":"","overlay-color":"","overlay-opacity":"","overlay-gradient":""},"tablet":{"background-color":"","background-image":"","background-repeat":"repeat","background-position":"center center","background-size":"auto","background-attachment":"scroll","background-type":"","background-media":"","overlay-type":"","overlay-color":"","overlay-opacity":"","overlay-gradient":""},"mobile":{"background-color":"","background-image":"","background-repeat":"repeat","background-position":"center center","background-size":"auto","background-attachment":"scroll","background-type":"","background-media":"","overlay-type":"","overlay-color":"","overlay-opacity":"","overlay-gradient":""}},"ast-content-background-meta":{"desktop":{"background-color":"var(--ast-global-color-5)","background-image":"","background-repeat":"repeat","background-position":"center center","background-size":"auto","background-attachment":"scroll","background-type":"","background-media":"","overlay-type":"","overlay-color":"","overlay-opacity":"","overlay-gradient":""},"tablet":{"background-color":"var(--ast-global-color-5)","background-image":"","background-repeat":"repeat","background-position":"center center","background-size":"auto","background-attachment":"scroll","background-type":"","background-media":"","overlay-type":"","overlay-color":"","overlay-opacity":"","overlay-gradient":""},"mobile":{"background-color":"var(--ast-global-color-5)","background-image":"","background-repeat":"repeat","background-position":"center center","background-size":"auto","background-attachment":"scroll","background-type":"","background-media":"","overlay-type":"","overlay-color":"","overlay-opacity":"","overlay-gradient":""}},"footnotes":""},"class_list":["post-46","page","type-page","status-publish","hentry"],"jetpack_sharing_enabled":true,"_links":{"self":[{"href":"https:\/\/www.gamzebilgisayar.com\/store\/wp-json\/wp\/v2\/pages\/46","targetHints":{"allow":["GET"]}}],"collection":[{"href":"https:\/\/www.gamzebilgisayar.com\/store\/wp-json\/wp\/v2\/pages"}],"about":[{"href":"https:\/\/www.gamzebilgisayar.com\/store\/wp-json\/wp\/v2\/types\/page"}],"author":[{"embeddable":true,"href":"https:\/\/www.gamzebilgisayar.com\/store\/wp-json\/wp\/v2\/users\/1"}],"replies":[{"embeddable":true,"href":"https:\/\/www.gamzebilgisayar.com\/store\/wp-json\/wp\/v2\/comments?post=46"}],"version-history":[{"count":9,"href":"https:\/\/www.gamzebilgisayar.com\/store\/wp-json\/wp\/v2\/pages\/46\/revisions"}],"predecessor-version":[{"id":2721,"href":"https:\/\/www.gamzebilgisayar.com\/store\/wp-json\/wp\/v2\/pages\/46\/revisions\/2721"}],"wp:attachment":[{"href":"https:\/\/www.gamzebilgisayar.com\/store\/wp-json\/wp\/v2\/media?parent=46"}],"curies":[{"name":"wp","href":"https:\/\/api.w.org\/{rel}","templated":true}]}}